{"id":1681,"date":"2023-02-09T08:41:54","date_gmt":"2023-02-09T08:41:54","guid":{"rendered":"https:\/\/okm.es\/aviso-legal\/"},"modified":"2025-07-30T09:45:03","modified_gmt":"2025-07-30T09:45:03","slug":"aviso-legal","status":"publish","type":"page","link":"https:\/\/okm.es\/fr\/aviso-legal\/","title":{"rendered":"Mentions l\u00e9gales"},"content":{"rendered":"\t\t<div data-elementor-type=\"wp-page\" data-elementor-id=\"1681\" class=\"elementor elementor-1681 elementor-253\" data-elementor-post-type=\"page\">\n\t\t\t\t\t\t<section class=\"elementor-section elementor-top-section elementor-element elementor-element-63e8c53 elementor-section-boxed elementor-section-height-default elementor-section-height-default\" data-id=\"63e8c53\" data-element_type=\"section\" data-e-type=\"section\" data-settings=\"{&quot;background_background&quot;:&quot;classic&quot;}\">\n\t\t\t\t\t\t<div class=\"elementor-container elementor-column-gap-default\">\n\t\t\t\t\t<div class=\"elementor-column elementor-col-100 elementor-top-column elementor-element elementor-element-eef410f\" data-id=\"eef410f\" data-element_type=\"column\" data-e-type=\"column\">\n\t\t\t<div class=\"elementor-widget-wrap elementor-element-populated\">\n\t\t\t\t\t\t<div class=\"elementor-element elementor-element-a25edf1 elementor-widget elementor-widget-spacer\" data-id=\"a25edf1\" data-element_type=\"widget\" data-e-type=\"widget\" data-widget_type=\"spacer.default\">\n\t\t\t\t<div class=\"elementor-widget-container\">\n\t\t\t\t\t\t\t<div class=\"elementor-spacer\">\n\t\t\t<div class=\"elementor-spacer-inner\"><\/div>\n\t\t<\/div>\n\t\t\t\t\t\t<\/div>\n\t\t\t\t<\/div>\n\t\t\t\t\t<\/div>\n\t\t<\/div>\n\t\t\t\t\t<\/div>\n\t\t<\/section>\n\t\t\t\t<section class=\"elementor-section elementor-top-section elementor-element elementor-element-ca6a271 elementor-section-boxed elementor-section-height-default elementor-section-height-default\" data-id=\"ca6a271\" data-element_type=\"section\" data-e-type=\"section\">\n\t\t\t\t\t\t<div class=\"elementor-container elementor-column-gap-default\">\n\t\t\t\t\t<div class=\"elementor-column elementor-col-100 elementor-top-column elementor-element elementor-element-626e5e2\" data-id=\"626e5e2\" data-element_type=\"column\" data-e-type=\"column\">\n\t\t\t<div class=\"elementor-widget-wrap elementor-element-populated\">\n\t\t\t\t\t\t<div class=\"elementor-element elementor-element-a59bcdc elementor-widget elementor-widget-heading\" data-id=\"a59bcdc\" data-element_type=\"widget\" data-e-type=\"widget\" data-widget_type=\"heading.default\">\n\t\t\t\t<div class=\"elementor-widget-container\">\n\t\t\t\t\t<h1 class=\"elementor-heading-title elementor-size-default\">Mentions l\u00e9gales<\/h1>\t\t\t\t<\/div>\n\t\t\t\t<\/div>\n\t\t\t\t<div class=\"elementor-element elementor-element-3b6d152 elementor-widget elementor-widget-text-editor\" data-id=\"3b6d152\" data-element_type=\"widget\" data-e-type=\"widget\" data-widget_type=\"text-editor.default\">\n\t\t\t\t<div class=\"elementor-widget-container\">\n\t\t\t\t\t\t\t\t\t<p> <\/p><p><br>Conform\u00e9ment \u00e0 l\u2019article 10 de la Loi espagnole 34\/2002 du 11 juillet relative aux services de la soci\u00e9t\u00e9 de l\u2019information et au commerce \u00e9lectronique (LSSI-CE), il est port\u00e9 \u00e0 la connaissance des utilisateurs que le site web www.okm.es est la propri\u00e9t\u00e9 de :<\/p><p><strong>OKM QU\u00cdMICA ORTOP\u00c9DICA, S.L.<\/strong><br>CIF : B17631474<br>Inscrite au Registre du Commerce de G\u00e9rone, Tome 1552, Section 8, Feuille 57, Page GE 26040, en date du 28 juin 2000.<\/p><p><strong>Si\u00e8ge social et adresse de contact :<\/strong><br>Pol\u00edgono Logis Empord\u00e0<br>C\/ d\u2019en Pi Ros \u2013 Gurt, n\u00ba 24<br>17469 El Far d\u2019Empord\u00e0 (G\u00e9rone) \u2013 Espagne<\/p><p>T\u00e9l\u00e9phone : +34 972 67 70 95<br>E-mail : okm@okm.es<\/p><p>OKM QU\u00cdMICA ORTOP\u00c9DICA, S.L. fournit ses services via ce site web conform\u00e9ment aux conditions indiqu\u00e9es dans les pr\u00e9sentes mentions l\u00e9gales.<\/p>\t\t\t\t\t\t\t\t<\/div>\n\t\t\t\t<\/div>\n\t\t\t\t\t<\/div>\n\t\t<\/div>\n\t\t\t\t\t<\/div>\n\t\t<\/section>\n\t\t\t\t<\/div>\n\t\t","protected":false},"excerpt":{"rendered":"<p>Mentions l\u00e9gales Conform\u00e9ment \u00e0 l\u2019article 10 de la Loi espagnole 34\/2002 du 11 juillet relative aux services de la soci\u00e9t\u00e9 de l\u2019information et au commerce \u00e9lectronique (LSSI-CE), il est port\u00e9 \u00e0 la connaissance des utilisateurs que le site web www.okm.es est la propri\u00e9t\u00e9 de : OKM QU\u00cdMICA ORTOP\u00c9DICA, S.L.CIF : B17631474Inscrite au Registre du Commerce &#8230; <a title=\"Mentions l\u00e9gales\" class=\"read-more\" href=\"https:\/\/okm.es\/fr\/aviso-legal\/\" aria-label=\"En savoir plus sur Mentions l\u00e9gales\">Leer m\u00e1s<\/a><\/p>\n","protected":false},"author":1,"featured_media":0,"parent":0,"menu_order":0,"comment_status":"closed","ping_status":"closed","template":"","meta":{"footnotes":""},"class_list":["post-1681","page","type-page","status-publish"],"yoast_head":"<!-- This site is optimized with the Yoast SEO plugin v27.1.1 - https:\/\/yoast.com\/product\/yoast-seo-wordpress\/ -->\n<title>Mentions l\u00e9gales - OKM<\/title>\n<meta name=\"robots\" content=\"noindex, nofollow\" \/>\n<meta property=\"og:locale\" content=\"fr_FR\" \/>\n<meta property=\"og:type\" content=\"article\" \/>\n<meta property=\"og:title\" content=\"Mentions l\u00e9gales - OKM\" \/>\n<meta property=\"og:description\" content=\"Mentions l\u00e9gales Conform\u00e9ment \u00e0 l\u2019article 10 de la Loi espagnole 34\/2002 du 11 juillet relative aux services de la soci\u00e9t\u00e9 de l\u2019information et au commerce \u00e9lectronique (LSSI-CE), il est port\u00e9 \u00e0 la connaissance des utilisateurs que le site web www.okm.es est la propri\u00e9t\u00e9 de : OKM QU\u00cdMICA ORTOP\u00c9DICA, S.L.CIF : B17631474Inscrite au Registre du Commerce ... Leer m\u00e1s\" \/>\n<meta property=\"og:url\" content=\"https:\/\/okm.es\/fr\/aviso-legal\/\" \/>\n<meta property=\"og:site_name\" content=\"OKM\" \/>\n<meta property=\"article:modified_time\" content=\"2025-07-30T09:45:03+00:00\" \/>\n<meta name=\"twitter:card\" content=\"summary_large_image\" \/>\n<meta name=\"twitter:label1\" content=\"Dur\u00e9e de lecture estim\u00e9e\" \/>\n\t<meta name=\"twitter:data1\" content=\"1 minute\" \/>\n<script type=\"application\/ld+json\" class=\"yoast-schema-graph\">{\"@context\":\"https:\/\/schema.org\",\"@graph\":[{\"@type\":\"WebPage\",\"@id\":\"https:\/\/okm.es\/fr\/aviso-legal\/\",\"url\":\"https:\/\/okm.es\/fr\/aviso-legal\/\",\"name\":\"Mentions l\u00e9gales - OKM\",\"isPartOf\":{\"@id\":\"https:\/\/okm.es\/fr\/#website\"},\"datePublished\":\"2023-02-09T08:41:54+00:00\",\"dateModified\":\"2025-07-30T09:45:03+00:00\",\"breadcrumb\":{\"@id\":\"https:\/\/okm.es\/fr\/aviso-legal\/#breadcrumb\"},\"inLanguage\":\"fr-FR\",\"potentialAction\":[{\"@type\":\"ReadAction\",\"target\":[\"https:\/\/okm.es\/fr\/aviso-legal\/\"]}]},{\"@type\":\"BreadcrumbList\",\"@id\":\"https:\/\/okm.es\/fr\/aviso-legal\/#breadcrumb\",\"itemListElement\":[{\"@type\":\"ListItem\",\"position\":1,\"name\":\"Portada\",\"item\":\"https:\/\/okm.es\/fr\/accueil\/\"},{\"@type\":\"ListItem\",\"position\":2,\"name\":\"Mentions l\u00e9gales\"}]},{\"@type\":\"WebSite\",\"@id\":\"https:\/\/okm.es\/fr\/#website\",\"url\":\"https:\/\/okm.es\/fr\/\",\"name\":\"OKM\",\"description\":\"\",\"publisher\":{\"@id\":\"https:\/\/okm.es\/fr\/#organization\"},\"potentialAction\":[{\"@type\":\"SearchAction\",\"target\":{\"@type\":\"EntryPoint\",\"urlTemplate\":\"https:\/\/okm.es\/fr\/?s={search_term_string}\"},\"query-input\":{\"@type\":\"PropertyValueSpecification\",\"valueRequired\":true,\"valueName\":\"search_term_string\"}}],\"inLanguage\":\"fr-FR\"},{\"@type\":\"Organization\",\"@id\":\"https:\/\/okm.es\/fr\/#organization\",\"name\":\"OKM\",\"url\":\"https:\/\/okm.es\/fr\/\",\"logo\":{\"@type\":\"ImageObject\",\"inLanguage\":\"fr-FR\",\"@id\":\"https:\/\/okm.es\/fr\/#\/schema\/logo\/image\/\",\"url\":\"https:\/\/okm.es\/wp-content\/uploads\/2023\/02\/Logo_negro_okm.svg\",\"contentUrl\":\"https:\/\/okm.es\/wp-content\/uploads\/2023\/02\/Logo_negro_okm.svg\",\"width\":110,\"height\":47,\"caption\":\"OKM\"},\"image\":{\"@id\":\"https:\/\/okm.es\/fr\/#\/schema\/logo\/image\/\"}}]}<\/script>\n<!-- \/ Yoast SEO plugin. -->","yoast_head_json":{"title":"Mentions l\u00e9gales - OKM","robots":{"index":"noindex","follow":"nofollow"},"og_locale":"fr_FR","og_type":"article","og_title":"Mentions l\u00e9gales - OKM","og_description":"Mentions l\u00e9gales Conform\u00e9ment \u00e0 l\u2019article 10 de la Loi espagnole 34\/2002 du 11 juillet relative aux services de la soci\u00e9t\u00e9 de l\u2019information et au commerce \u00e9lectronique (LSSI-CE), il est port\u00e9 \u00e0 la connaissance des utilisateurs que le site web www.okm.es est la propri\u00e9t\u00e9 de : OKM QU\u00cdMICA ORTOP\u00c9DICA, S.L.CIF : B17631474Inscrite au Registre du Commerce ... Leer m\u00e1s","og_url":"https:\/\/okm.es\/fr\/aviso-legal\/","og_site_name":"OKM","article_modified_time":"2025-07-30T09:45:03+00:00","twitter_card":"summary_large_image","twitter_misc":{"Dur\u00e9e de lecture estim\u00e9e":"1 minute"},"schema":{"@context":"https:\/\/schema.org","@graph":[{"@type":"WebPage","@id":"https:\/\/okm.es\/fr\/aviso-legal\/","url":"https:\/\/okm.es\/fr\/aviso-legal\/","name":"Mentions l\u00e9gales - OKM","isPartOf":{"@id":"https:\/\/okm.es\/fr\/#website"},"datePublished":"2023-02-09T08:41:54+00:00","dateModified":"2025-07-30T09:45:03+00:00","breadcrumb":{"@id":"https:\/\/okm.es\/fr\/aviso-legal\/#breadcrumb"},"inLanguage":"fr-FR","potentialAction":[{"@type":"ReadAction","target":["https:\/\/okm.es\/fr\/aviso-legal\/"]}]},{"@type":"BreadcrumbList","@id":"https:\/\/okm.es\/fr\/aviso-legal\/#breadcrumb","itemListElement":[{"@type":"ListItem","position":1,"name":"Portada","item":"https:\/\/okm.es\/fr\/accueil\/"},{"@type":"ListItem","position":2,"name":"Mentions l\u00e9gales"}]},{"@type":"WebSite","@id":"https:\/\/okm.es\/fr\/#website","url":"https:\/\/okm.es\/fr\/","name":"OKM","description":"","publisher":{"@id":"https:\/\/okm.es\/fr\/#organization"},"potentialAction":[{"@type":"SearchAction","target":{"@type":"EntryPoint","urlTemplate":"https:\/\/okm.es\/fr\/?s={search_term_string}"},"query-input":{"@type":"PropertyValueSpecification","valueRequired":true,"valueName":"search_term_string"}}],"inLanguage":"fr-FR"},{"@type":"Organization","@id":"https:\/\/okm.es\/fr\/#organization","name":"OKM","url":"https:\/\/okm.es\/fr\/","logo":{"@type":"ImageObject","inLanguage":"fr-FR","@id":"https:\/\/okm.es\/fr\/#\/schema\/logo\/image\/","url":"https:\/\/okm.es\/wp-content\/uploads\/2023\/02\/Logo_negro_okm.svg","contentUrl":"https:\/\/okm.es\/wp-content\/uploads\/2023\/02\/Logo_negro_okm.svg","width":110,"height":47,"caption":"OKM"},"image":{"@id":"https:\/\/okm.es\/fr\/#\/schema\/logo\/image\/"}}]}},"_links":{"self":[{"href":"https:\/\/okm.es\/fr\/wp-json\/wp\/v2\/pages\/1681","targetHints":{"allow":["GET"]}}],"collection":[{"href":"https:\/\/okm.es\/fr\/wp-json\/wp\/v2\/pages"}],"about":[{"href":"https:\/\/okm.es\/fr\/wp-json\/wp\/v2\/types\/page"}],"author":[{"embeddable":true,"href":"https:\/\/okm.es\/fr\/wp-json\/wp\/v2\/users\/1"}],"replies":[{"embeddable":true,"href":"https:\/\/okm.es\/fr\/wp-json\/wp\/v2\/comments?post=1681"}],"version-history":[{"count":13,"href":"https:\/\/okm.es\/fr\/wp-json\/wp\/v2\/pages\/1681\/revisions"}],"predecessor-version":[{"id":3747,"href":"https:\/\/okm.es\/fr\/wp-json\/wp\/v2\/pages\/1681\/revisions\/3747"}],"wp:attachment":[{"href":"https:\/\/okm.es\/fr\/wp-json\/wp\/v2\/media?parent=1681"}],"curies":[{"name":"wp","href":"https:\/\/api.w.org\/{rel}","templated":true}]}}