{"id":1689,"date":"2023-02-09T08:44:09","date_gmt":"2023-02-09T08:44:09","guid":{"rendered":"https:\/\/okm.es\/politica-de-privacidad\/"},"modified":"2025-07-30T10:11:32","modified_gmt":"2025-07-30T10:11:32","slug":"politica-de-privacidad","status":"publish","type":"page","link":"https:\/\/okm.es\/fr\/politica-de-privacidad\/","title":{"rendered":"Politique de confidentialit\u00e9"},"content":{"rendered":"\t\t<div data-elementor-type=\"wp-page\" data-elementor-id=\"1689\" class=\"elementor elementor-1689 elementor-255\" data-elementor-post-type=\"page\">\n\t\t\t\t\t\t<section class=\"elementor-section elementor-top-section elementor-element elementor-element-c60b2ec elementor-section-boxed elementor-section-height-default elementor-section-height-default\" data-id=\"c60b2ec\" data-element_type=\"section\" data-e-type=\"section\" data-settings=\"{&quot;background_background&quot;:&quot;classic&quot;}\">\n\t\t\t\t\t\t<div class=\"elementor-container elementor-column-gap-default\">\n\t\t\t\t\t<div class=\"elementor-column elementor-col-100 elementor-top-column elementor-element elementor-element-a447d4b\" data-id=\"a447d4b\" data-element_type=\"column\" data-e-type=\"column\">\n\t\t\t<div class=\"elementor-widget-wrap elementor-element-populated\">\n\t\t\t\t\t\t<div class=\"elementor-element elementor-element-1a2ddef elementor-widget elementor-widget-spacer\" data-id=\"1a2ddef\" data-element_type=\"widget\" data-e-type=\"widget\" data-widget_type=\"spacer.default\">\n\t\t\t\t<div class=\"elementor-widget-container\">\n\t\t\t\t\t\t\t<div class=\"elementor-spacer\">\n\t\t\t<div class=\"elementor-spacer-inner\"><\/div>\n\t\t<\/div>\n\t\t\t\t\t\t<\/div>\n\t\t\t\t<\/div>\n\t\t\t\t\t<\/div>\n\t\t<\/div>\n\t\t\t\t\t<\/div>\n\t\t<\/section>\n\t\t\t\t<section class=\"elementor-section elementor-top-section elementor-element elementor-element-3f1c3da elementor-section-boxed elementor-section-height-default elementor-section-height-default\" data-id=\"3f1c3da\" data-element_type=\"section\" data-e-type=\"section\">\n\t\t\t\t\t\t<div class=\"elementor-container elementor-column-gap-default\">\n\t\t\t\t\t<div class=\"elementor-column elementor-col-100 elementor-top-column elementor-element elementor-element-4623bb1\" data-id=\"4623bb1\" data-element_type=\"column\" data-e-type=\"column\">\n\t\t\t<div class=\"elementor-widget-wrap elementor-element-populated\">\n\t\t\t\t\t\t<div class=\"elementor-element elementor-element-bce8b78 elementor-widget elementor-widget-heading\" data-id=\"bce8b78\" data-element_type=\"widget\" data-e-type=\"widget\" data-widget_type=\"heading.default\">\n\t\t\t\t<div class=\"elementor-widget-container\">\n\t\t\t\t\t<h1 class=\"elementor-heading-title elementor-size-default\">Politique de confidentialit\u00e9<\/h1>\t\t\t\t<\/div>\n\t\t\t\t<\/div>\n\t\t\t\t<div class=\"elementor-element elementor-element-0dd971e elementor-widget elementor-widget-text-editor\" data-id=\"0dd971e\" data-element_type=\"widget\" data-e-type=\"widget\" data-widget_type=\"text-editor.default\">\n\t\t\t\t<div class=\"elementor-widget-container\">\n\t\t\t\t\t\t\t\t\t<p> <\/p><p><strong><br>Politique de confidentialit\u00e9 du site web www.okm.es<\/strong><\/p><p class=\"p1\">Chez OKM QU\u00cdMICA ORTOP\u00c9DICA, S.L., nous savons que la confiance de nos clients repose sur notre capacit\u00e9 \u00e0 prot\u00e9ger leurs donn\u00e9es personnelles. C\u2019est pourquoi nous nous engageons \u00e0 garantir leur confidentialit\u00e9 lors de leur visite sur notre site. Vous trouverez ci-dessous des informations sur la mani\u00e8re dont nous collectons, utilisons et prot\u00e9geons vos donn\u00e9es.  <\/p><p><strong>Responsable du traitement<\/strong><\/p><p class=\"p1\"><b>OKM QU\u00cdMICA ORTOP\u00c9DICA, S.L.<\/b><\/p><p>CIF : B17631474<br>Adresse : Pol. Logis Empord\u00e0, C\/ d\u2019en Pi Ros \u2013 Gurt, n\u00ba 24. 17469 El Far d\u2019Empord\u00e0 (G\u00e9rone) \u2013 Espagne<br>T\u00e9l. : +34 972 67 70 95<br>E-mail : <a href=\"mailto:okm@okm.es\">okm@okm.es<\/a> <\/p><p><strong>Droits des utilisateurs<\/strong><\/p><p class=\"p1\">Vous disposez des droits suivants :<\/p><ul><li>Acc\u00e9der \u00e0 vos donn\u00e9es personnelles<\/li><li>Demander leur rectification ou suppression<\/li><li>Limiter ou vous opposer \u00e0 leur traitement<\/li><li>Demander la portabilit\u00e9 de vos donn\u00e9es<\/li><\/ul><p class=\"p1\">Vous pouvez exercer ces droits gratuitement en envoyant une demande \u00e9crite aux coordonn\u00e9es ci-dessus.<\/p><p class=\"p1\">Si vous avez un compte utilisateur sur notre site, vous pouvez \u00e9galement g\u00e9rer vos donn\u00e9es personnelles directement depuis votre profil.<\/p><p class=\"p1\">Certaines donn\u00e9es peuvent \u00eatre conserv\u00e9es si la loi ou un contrat l\u2019exige ; elles seront alors bloqu\u00e9es et utilis\u00e9es uniquement \u00e0 cette fin.<\/p><p><strong>R\u00e9vocation du consentement et communications commerciales<\/strong><\/p><p class=\"p1\">Si no desea seguir recibiendo informaci\u00f3n comercial, participar en encuestas o estudios de mercado, o desea revocar su consentimiento para el tratamiento de sus datos, puede hacerlo en cualquier momento (con efectos no retroactivos) enviando un correo electr\u00f3nico a: <span class=\"s1\"><b>okm@okm.es<\/b><\/span><\/p><p class=\"p1\">Vous pouvez \u00e9galement vous d\u00e9sinscrire directement via le lien figurant dans les e-mails que vous recevez.<\/p><p class=\"p1\">Veuillez noter que cette d\u00e9sactivation peut prendre jusqu\u2019\u00e0 48 heures. Durant ce d\u00e9lai, il se peut que vous receviez encore certaines communications.<\/p><p><strong>Plugins sociaux<\/strong><\/p><p class=\"p1\">Notre site web int\u00e8gre des plugins sociaux, comme par exemple le bouton \u00ab J\u2019aime \u00bb de Facebook.<\/p><p class=\"p1\">Si vous \u00eates connect\u00e9 \u00e0 un r\u00e9seau social et interagissez avec ces plugins, la plateforme peut associer votre profil \u00e0 votre activit\u00e9 sur notre site. Nous vous recommandons de consulter la politique de confidentialit\u00e9 de chaque r\u00e9seau social pour en savoir plus. <\/p><p><strong style=\"font-size: inherit;\">Mises \u00e0 jour de la politique<\/strong><\/p><p class=\"p1\">OKM QU\u00cdMICA ORTOP\u00c9DICA, S.L. se r\u00e9serve le droit de mettre \u00e0 jour cette politique pour l\u2019adapter \u00e0 des \u00e9volutions l\u00e9gales ou \u00e0 des changements dans ses services. Nous vous conseillons de consulter r\u00e9guli\u00e8rement cette page pour rester inform\u00e9 des \u00e9ventuelles modifications. <\/p>\t\t\t\t\t\t\t\t<\/div>\n\t\t\t\t<\/div>\n\t\t\t\t\t<\/div>\n\t\t<\/div>\n\t\t\t\t\t<\/div>\n\t\t<\/section>\n\t\t\t\t<\/div>\n\t\t","protected":false},"excerpt":{"rendered":"<p>Politique de confidentialit\u00e9 Politique de confidentialit\u00e9 du site web www.okm.es Chez OKM QU\u00cdMICA ORTOP\u00c9DICA, S.L., nous savons que la confiance de nos clients repose sur notre capacit\u00e9 \u00e0 prot\u00e9ger leurs donn\u00e9es personnelles. C\u2019est pourquoi nous nous engageons \u00e0 garantir leur confidentialit\u00e9 lors de leur visite sur notre site. Vous trouverez ci-dessous des informations sur la &#8230; <a title=\"Politique de confidentialit\u00e9\" class=\"read-more\" href=\"https:\/\/okm.es\/fr\/politica-de-privacidad\/\" aria-label=\"En savoir plus sur Politique de confidentialit\u00e9\">Leer m\u00e1s<\/a><\/p>\n","protected":false},"author":1,"featured_media":0,"parent":0,"menu_order":0,"comment_status":"closed","ping_status":"closed","template":"","meta":{"footnotes":""},"class_list":["post-1689","page","type-page","status-publish"],"yoast_head":"<!-- This site is optimized with the Yoast SEO plugin v27.1.1 - https:\/\/yoast.com\/product\/yoast-seo-wordpress\/ -->\n<title>Politique de confidentialit\u00e9 - OKM<\/title>\n<meta name=\"robots\" content=\"noindex, nofollow\" \/>\n<meta property=\"og:locale\" content=\"fr_FR\" \/>\n<meta property=\"og:type\" content=\"article\" \/>\n<meta property=\"og:title\" content=\"Politique de confidentialit\u00e9 - OKM\" \/>\n<meta property=\"og:description\" content=\"Politique de confidentialit\u00e9 Politique de confidentialit\u00e9 du site web www.okm.es Chez OKM QU\u00cdMICA ORTOP\u00c9DICA, S.L., nous savons que la confiance de nos clients repose sur notre capacit\u00e9 \u00e0 prot\u00e9ger leurs donn\u00e9es personnelles. C\u2019est pourquoi nous nous engageons \u00e0 garantir leur confidentialit\u00e9 lors de leur visite sur notre site. Vous trouverez ci-dessous des informations sur la ... Leer m\u00e1s\" \/>\n<meta property=\"og:url\" content=\"https:\/\/okm.es\/fr\/politica-de-privacidad\/\" \/>\n<meta property=\"og:site_name\" content=\"OKM\" \/>\n<meta property=\"article:modified_time\" content=\"2025-07-30T10:11:32+00:00\" \/>\n<meta name=\"twitter:card\" content=\"summary_large_image\" \/>\n<meta name=\"twitter:label1\" content=\"Dur\u00e9e de lecture estim\u00e9e\" \/>\n\t<meta name=\"twitter:data1\" content=\"2 minutes\" \/>\n<script type=\"application\/ld+json\" class=\"yoast-schema-graph\">{\"@context\":\"https:\/\/schema.org\",\"@graph\":[{\"@type\":\"WebPage\",\"@id\":\"https:\/\/okm.es\/fr\/politica-de-privacidad\/\",\"url\":\"https:\/\/okm.es\/fr\/politica-de-privacidad\/\",\"name\":\"Politique de confidentialit\u00e9 - OKM\",\"isPartOf\":{\"@id\":\"https:\/\/okm.es\/fr\/#website\"},\"datePublished\":\"2023-02-09T08:44:09+00:00\",\"dateModified\":\"2025-07-30T10:11:32+00:00\",\"breadcrumb\":{\"@id\":\"https:\/\/okm.es\/fr\/politica-de-privacidad\/#breadcrumb\"},\"inLanguage\":\"fr-FR\",\"potentialAction\":[{\"@type\":\"ReadAction\",\"target\":[\"https:\/\/okm.es\/fr\/politica-de-privacidad\/\"]}]},{\"@type\":\"BreadcrumbList\",\"@id\":\"https:\/\/okm.es\/fr\/politica-de-privacidad\/#breadcrumb\",\"itemListElement\":[{\"@type\":\"ListItem\",\"position\":1,\"name\":\"Portada\",\"item\":\"https:\/\/okm.es\/fr\/accueil\/\"},{\"@type\":\"ListItem\",\"position\":2,\"name\":\"Politique de confidentialit\u00e9\"}]},{\"@type\":\"WebSite\",\"@id\":\"https:\/\/okm.es\/fr\/#website\",\"url\":\"https:\/\/okm.es\/fr\/\",\"name\":\"OKM\",\"description\":\"\",\"publisher\":{\"@id\":\"https:\/\/okm.es\/fr\/#organization\"},\"potentialAction\":[{\"@type\":\"SearchAction\",\"target\":{\"@type\":\"EntryPoint\",\"urlTemplate\":\"https:\/\/okm.es\/fr\/?s={search_term_string}\"},\"query-input\":{\"@type\":\"PropertyValueSpecification\",\"valueRequired\":true,\"valueName\":\"search_term_string\"}}],\"inLanguage\":\"fr-FR\"},{\"@type\":\"Organization\",\"@id\":\"https:\/\/okm.es\/fr\/#organization\",\"name\":\"OKM\",\"url\":\"https:\/\/okm.es\/fr\/\",\"logo\":{\"@type\":\"ImageObject\",\"inLanguage\":\"fr-FR\",\"@id\":\"https:\/\/okm.es\/fr\/#\/schema\/logo\/image\/\",\"url\":\"https:\/\/okm.es\/wp-content\/uploads\/2023\/02\/Logo_negro_okm.svg\",\"contentUrl\":\"https:\/\/okm.es\/wp-content\/uploads\/2023\/02\/Logo_negro_okm.svg\",\"width\":110,\"height\":47,\"caption\":\"OKM\"},\"image\":{\"@id\":\"https:\/\/okm.es\/fr\/#\/schema\/logo\/image\/\"}}]}<\/script>\n<!-- \/ Yoast SEO plugin. -->","yoast_head_json":{"title":"Politique de confidentialit\u00e9 - OKM","robots":{"index":"noindex","follow":"nofollow"},"og_locale":"fr_FR","og_type":"article","og_title":"Politique de confidentialit\u00e9 - OKM","og_description":"Politique de confidentialit\u00e9 Politique de confidentialit\u00e9 du site web www.okm.es Chez OKM QU\u00cdMICA ORTOP\u00c9DICA, S.L., nous savons que la confiance de nos clients repose sur notre capacit\u00e9 \u00e0 prot\u00e9ger leurs donn\u00e9es personnelles. C\u2019est pourquoi nous nous engageons \u00e0 garantir leur confidentialit\u00e9 lors de leur visite sur notre site. Vous trouverez ci-dessous des informations sur la ... Leer m\u00e1s","og_url":"https:\/\/okm.es\/fr\/politica-de-privacidad\/","og_site_name":"OKM","article_modified_time":"2025-07-30T10:11:32+00:00","twitter_card":"summary_large_image","twitter_misc":{"Dur\u00e9e de lecture estim\u00e9e":"2 minutes"},"schema":{"@context":"https:\/\/schema.org","@graph":[{"@type":"WebPage","@id":"https:\/\/okm.es\/fr\/politica-de-privacidad\/","url":"https:\/\/okm.es\/fr\/politica-de-privacidad\/","name":"Politique de confidentialit\u00e9 - OKM","isPartOf":{"@id":"https:\/\/okm.es\/fr\/#website"},"datePublished":"2023-02-09T08:44:09+00:00","dateModified":"2025-07-30T10:11:32+00:00","breadcrumb":{"@id":"https:\/\/okm.es\/fr\/politica-de-privacidad\/#breadcrumb"},"inLanguage":"fr-FR","potentialAction":[{"@type":"ReadAction","target":["https:\/\/okm.es\/fr\/politica-de-privacidad\/"]}]},{"@type":"BreadcrumbList","@id":"https:\/\/okm.es\/fr\/politica-de-privacidad\/#breadcrumb","itemListElement":[{"@type":"ListItem","position":1,"name":"Portada","item":"https:\/\/okm.es\/fr\/accueil\/"},{"@type":"ListItem","position":2,"name":"Politique de confidentialit\u00e9"}]},{"@type":"WebSite","@id":"https:\/\/okm.es\/fr\/#website","url":"https:\/\/okm.es\/fr\/","name":"OKM","description":"","publisher":{"@id":"https:\/\/okm.es\/fr\/#organization"},"potentialAction":[{"@type":"SearchAction","target":{"@type":"EntryPoint","urlTemplate":"https:\/\/okm.es\/fr\/?s={search_term_string}"},"query-input":{"@type":"PropertyValueSpecification","valueRequired":true,"valueName":"search_term_string"}}],"inLanguage":"fr-FR"},{"@type":"Organization","@id":"https:\/\/okm.es\/fr\/#organization","name":"OKM","url":"https:\/\/okm.es\/fr\/","logo":{"@type":"ImageObject","inLanguage":"fr-FR","@id":"https:\/\/okm.es\/fr\/#\/schema\/logo\/image\/","url":"https:\/\/okm.es\/wp-content\/uploads\/2023\/02\/Logo_negro_okm.svg","contentUrl":"https:\/\/okm.es\/wp-content\/uploads\/2023\/02\/Logo_negro_okm.svg","width":110,"height":47,"caption":"OKM"},"image":{"@id":"https:\/\/okm.es\/fr\/#\/schema\/logo\/image\/"}}]}},"_links":{"self":[{"href":"https:\/\/okm.es\/fr\/wp-json\/wp\/v2\/pages\/1689","targetHints":{"allow":["GET"]}}],"collection":[{"href":"https:\/\/okm.es\/fr\/wp-json\/wp\/v2\/pages"}],"about":[{"href":"https:\/\/okm.es\/fr\/wp-json\/wp\/v2\/types\/page"}],"author":[{"embeddable":true,"href":"https:\/\/okm.es\/fr\/wp-json\/wp\/v2\/users\/1"}],"replies":[{"embeddable":true,"href":"https:\/\/okm.es\/fr\/wp-json\/wp\/v2\/comments?post=1689"}],"version-history":[{"count":12,"href":"https:\/\/okm.es\/fr\/wp-json\/wp\/v2\/pages\/1689\/revisions"}],"predecessor-version":[{"id":3770,"href":"https:\/\/okm.es\/fr\/wp-json\/wp\/v2\/pages\/1689\/revisions\/3770"}],"wp:attachment":[{"href":"https:\/\/okm.es\/fr\/wp-json\/wp\/v2\/media?parent=1689"}],"curies":[{"name":"wp","href":"https:\/\/api.w.org\/{rel}","templated":true}]}}