{"id":1705,"date":"2023-02-15T15:37:32","date_gmt":"2023-02-15T15:37:32","guid":{"rendered":"https:\/\/okm.es\/nos-produits\/"},"modified":"2023-05-12T11:00:36","modified_gmt":"2023-05-12T11:00:36","slug":"nos-produits","status":"publish","type":"page","link":"https:\/\/okm.es\/fr\/nos-produits\/","title":{"rendered":"Nos produits"},"content":{"rendered":"\t\t<div data-elementor-type=\"wp-page\" data-elementor-id=\"1705\" class=\"elementor elementor-1705 elementor-273\" data-elementor-post-type=\"page\">\n\t\t\t\t\t\t<section class=\"elementor-section elementor-top-section elementor-element elementor-element-3a285b4 elementor-section-boxed elementor-section-height-default elementor-section-height-default\" data-id=\"3a285b4\" data-element_type=\"section\" data-e-type=\"section\" data-settings=\"{&quot;background_background&quot;:&quot;classic&quot;}\">\n\t\t\t\t\t\t<div class=\"elementor-container elementor-column-gap-default\">\n\t\t\t\t\t<div class=\"elementor-column elementor-col-100 elementor-top-column elementor-element elementor-element-333790d\" data-id=\"333790d\" data-element_type=\"column\" data-e-type=\"column\">\n\t\t\t<div class=\"elementor-widget-wrap elementor-element-populated\">\n\t\t\t\t\t\t<div class=\"elementor-element elementor-element-39c30d8 elementor-widget elementor-widget-heading\" data-id=\"39c30d8\" data-element_type=\"widget\" data-e-type=\"widget\" data-widget_type=\"heading.default\">\n\t\t\t\t<div class=\"elementor-widget-container\">\n\t\t\t\t\t<h2 class=\"elementor-heading-title elementor-size-default\">Nos <br> Produits<\/h2>\t\t\t\t<\/div>\n\t\t\t\t<\/div>\n\t\t\t\t<div class=\"elementor-element elementor-element-fe2cfcc elementor-widget__width-initial elementor-position-top elementor-widget elementor-widget-image-box\" data-id=\"fe2cfcc\" data-element_type=\"widget\" data-e-type=\"widget\" data-widget_type=\"image-box.default\">\n\t\t\t\t<div class=\"elementor-widget-container\">\n\t\t\t\t\t<div class=\"elementor-image-box-wrapper\"><figure class=\"elementor-image-box-img\"><a href=\"https:\/\/okm.es\/fr\/nos-produits\/blocs\/\" tabindex=\"-1\"><img fetchpriority=\"high\" decoding=\"async\" width=\"369\" height=\"451\" src=\"https:\/\/okm.es\/wp-content\/uploads\/2023\/02\/bloques_okm.png\" class=\"attachment-full size-full wp-image-386\" alt=\"\" srcset=\"https:\/\/okm.es\/wp-content\/uploads\/2023\/02\/bloques_okm.png 369w, https:\/\/okm.es\/wp-content\/uploads\/2023\/02\/bloques_okm-245x300.png 245w\" sizes=\"(max-width: 369px) 100vw, 369px\" \/><\/a><\/figure><div class=\"elementor-image-box-content\"><h3 class=\"elementor-image-box-title\"><a href=\"https:\/\/okm.es\/fr\/nos-produits\/blocs\/\">Blocs<\/a><\/h3><\/div><\/div>\t\t\t\t<\/div>\n\t\t\t\t<\/div>\n\t\t\t\t<div class=\"elementor-element elementor-element-b10c90c elementor-widget__width-initial elementor-position-top elementor-widget elementor-widget-image-box\" data-id=\"b10c90c\" data-element_type=\"widget\" data-e-type=\"widget\" data-widget_type=\"image-box.default\">\n\t\t\t\t<div class=\"elementor-widget-container\">\n\t\t\t\t\t<div class=\"elementor-image-box-wrapper\"><figure class=\"elementor-image-box-img\"><a href=\"https:\/\/okm.es\/fr\/nos-produits\/decoration\/\" tabindex=\"-1\"><img decoding=\"async\" width=\"369\" height=\"451\" src=\"https:\/\/okm.es\/wp-content\/uploads\/2023\/02\/decoraciones_okm.png\" class=\"attachment-full size-full wp-image-387\" alt=\"\" srcset=\"https:\/\/okm.es\/wp-content\/uploads\/2023\/02\/decoraciones_okm.png 369w, https:\/\/okm.es\/wp-content\/uploads\/2023\/02\/decoraciones_okm-245x300.png 245w\" sizes=\"(max-width: 369px) 100vw, 369px\" \/><\/a><\/figure><div class=\"elementor-image-box-content\"><h3 class=\"elementor-image-box-title\"><a href=\"https:\/\/okm.es\/fr\/nos-produits\/decoration\/\">D\u00e9coration<\/a><\/h3><\/div><\/div>\t\t\t\t<\/div>\n\t\t\t\t<\/div>\n\t\t\t\t<div class=\"elementor-element elementor-element-a3b4fdf elementor-widget__width-initial elementor-position-top elementor-widget elementor-widget-image-box\" data-id=\"a3b4fdf\" data-element_type=\"widget\" data-e-type=\"widget\" data-widget_type=\"image-box.default\">\n\t\t\t\t<div class=\"elementor-widget-container\">\n\t\t\t\t\t<div class=\"elementor-image-box-wrapper\"><figure class=\"elementor-image-box-img\"><a href=\"https:\/\/okm.es\/fr\/nos-produits\/materiel\/\" tabindex=\"-1\"><img decoding=\"async\" width=\"369\" height=\"451\" src=\"https:\/\/okm.es\/wp-content\/uploads\/2023\/02\/materiales_okm.png\" class=\"attachment-full size-full wp-image-388\" alt=\"\" srcset=\"https:\/\/okm.es\/wp-content\/uploads\/2023\/02\/materiales_okm.png 369w, https:\/\/okm.es\/wp-content\/uploads\/2023\/02\/materiales_okm-245x300.png 245w\" sizes=\"(max-width: 369px) 100vw, 369px\" \/><\/a><\/figure><div class=\"elementor-image-box-content\"><h3 class=\"elementor-image-box-title\"><a href=\"https:\/\/okm.es\/fr\/nos-produits\/materiel\/\">Mat\u00e9riel<\/a><\/h3><\/div><\/div>\t\t\t\t<\/div>\n\t\t\t\t<\/div>\n\t\t\t\t<div class=\"elementor-element elementor-element-01c40ef elementor-widget__width-initial elementor-position-top elementor-widget elementor-widget-image-box\" data-id=\"01c40ef\" data-element_type=\"widget\" data-e-type=\"widget\" data-widget_type=\"image-box.default\">\n\t\t\t\t<div class=\"elementor-widget-container\">\n\t\t\t\t\t<div class=\"elementor-image-box-wrapper\"><figure class=\"elementor-image-box-img\"><a href=\"https:\/\/okm.es\/fr\/nos-produits\/prosthetique\/\" tabindex=\"-1\"><img loading=\"lazy\" decoding=\"async\" width=\"369\" height=\"451\" src=\"https:\/\/okm.es\/wp-content\/uploads\/2023\/02\/protesica_okm.png\" class=\"attachment-full size-full wp-image-392\" alt=\"\" srcset=\"https:\/\/okm.es\/wp-content\/uploads\/2023\/02\/protesica_okm.png 369w, https:\/\/okm.es\/wp-content\/uploads\/2023\/02\/protesica_okm-245x300.png 245w\" sizes=\"(max-width: 369px) 100vw, 369px\" \/><\/a><\/figure><div class=\"elementor-image-box-content\"><h3 class=\"elementor-image-box-title\"><a href=\"https:\/\/okm.es\/fr\/nos-produits\/prosthetique\/\">Prosthetique<\/a><\/h3><\/div><\/div>\t\t\t\t<\/div>\n\t\t\t\t<\/div>\n\t\t\t\t<div class=\"elementor-element elementor-element-5100b4e elementor-widget__width-initial elementor-position-top elementor-widget elementor-widget-image-box\" data-id=\"5100b4e\" data-element_type=\"widget\" data-e-type=\"widget\" data-widget_type=\"image-box.default\">\n\t\t\t\t<div class=\"elementor-widget-container\">\n\t\t\t\t\t<div class=\"elementor-image-box-wrapper\"><figure class=\"elementor-image-box-img\"><a href=\"https:\/\/okm.es\/fr\/nos-produits\/orthetique\/\" tabindex=\"-1\"><img loading=\"lazy\" decoding=\"async\" width=\"369\" height=\"451\" src=\"https:\/\/okm.es\/wp-content\/uploads\/2023\/02\/ortesica_okm.png\" class=\"attachment-full size-full wp-image-390\" alt=\"\" srcset=\"https:\/\/okm.es\/wp-content\/uploads\/2023\/02\/ortesica_okm.png 369w, https:\/\/okm.es\/wp-content\/uploads\/2023\/02\/ortesica_okm-245x300.png 245w\" sizes=\"(max-width: 369px) 100vw, 369px\" \/><\/a><\/figure><div class=\"elementor-image-box-content\"><h3 class=\"elementor-image-box-title\"><a href=\"https:\/\/okm.es\/fr\/nos-produits\/orthetique\/\">Orth\u00e9tique<\/a><\/h3><\/div><\/div>\t\t\t\t<\/div>\n\t\t\t\t<\/div>\n\t\t\t\t<div class=\"elementor-element elementor-element-578a492 elementor-widget__width-initial elementor-position-top elementor-widget elementor-widget-image-box\" data-id=\"578a492\" data-element_type=\"widget\" data-e-type=\"widget\" data-widget_type=\"image-box.default\">\n\t\t\t\t<div class=\"elementor-widget-container\">\n\t\t\t\t\t<div class=\"elementor-image-box-wrapper\"><figure class=\"elementor-image-box-img\"><a href=\"https:\/\/okm.es\/fr\/nos-produits\/mobilite\/\" tabindex=\"-1\"><img loading=\"lazy\" decoding=\"async\" width=\"369\" height=\"451\" src=\"https:\/\/okm.es\/wp-content\/uploads\/2023\/02\/movilidad_okm.png\" class=\"attachment-full size-full wp-image-391\" alt=\"\" srcset=\"https:\/\/okm.es\/wp-content\/uploads\/2023\/02\/movilidad_okm.png 369w, https:\/\/okm.es\/wp-content\/uploads\/2023\/02\/movilidad_okm-245x300.png 245w\" sizes=\"(max-width: 369px) 100vw, 369px\" \/><\/a><\/figure><div class=\"elementor-image-box-content\"><h3 class=\"elementor-image-box-title\"><a href=\"https:\/\/okm.es\/fr\/nos-produits\/mobilite\/\">Mobilit\u00e9<\/a><\/h3><\/div><\/div>\t\t\t\t<\/div>\n\t\t\t\t<\/div>\n\t\t\t\t\t<\/div>\n\t\t<\/div>\n\t\t\t\t\t<\/div>\n\t\t<\/section>\n\t\t\t\t<\/div>\n\t\t","protected":false},"excerpt":{"rendered":"<p>Nos Produits Blocs D\u00e9coration Mat\u00e9riel Prosthetique Orth\u00e9tique Mobilit\u00e9<\/p>\n","protected":false},"author":1,"featured_media":0,"parent":0,"menu_order":0,"comment_status":"closed","ping_status":"closed","template":"","meta":{"footnotes":""},"class_list":["post-1705","page","type-page","status-publish"],"yoast_head":"<!-- This site is optimized with the Yoast SEO plugin v27.1.1 - https:\/\/yoast.com\/product\/yoast-seo-wordpress\/ -->\n<title>Nos produits - OKM<\/title>\n<meta name=\"description\" content=\"D\u00e9couvrez tous les produits et solutions orthop\u00e9diques que nous proposons chez OKM pour am\u00e9liorer l&#039;autonomie des personnes.\" \/>\n<meta name=\"robots\" content=\"index, follow, max-snippet:-1, max-image-preview:large, max-video-preview:-1\" \/>\n<link rel=\"canonical\" href=\"https:\/\/okm.es\/fr\/nos-produits\/\" \/>\n<meta property=\"og:locale\" content=\"fr_FR\" \/>\n<meta property=\"og:type\" content=\"article\" \/>\n<meta property=\"og:title\" content=\"Nos produits - OKM\" \/>\n<meta property=\"og:description\" content=\"D\u00e9couvrez tous les produits et solutions orthop\u00e9diques que nous proposons chez OKM pour am\u00e9liorer l&#039;autonomie des personnes.\" \/>\n<meta property=\"og:url\" content=\"https:\/\/okm.es\/fr\/nos-produits\/\" \/>\n<meta property=\"og:site_name\" content=\"OKM\" \/>\n<meta property=\"article:modified_time\" content=\"2023-05-12T11:00:36+00:00\" \/>\n<meta property=\"og:image\" content=\"https:\/\/okm.es\/wp-content\/uploads\/2023\/02\/bloques_okm.png\" \/>\n<meta name=\"twitter:card\" content=\"summary_large_image\" \/>\n<script type=\"application\/ld+json\" class=\"yoast-schema-graph\">{\"@context\":\"https:\/\/schema.org\",\"@graph\":[{\"@type\":\"WebPage\",\"@id\":\"https:\/\/okm.es\/fr\/nos-produits\/\",\"url\":\"https:\/\/okm.es\/fr\/nos-produits\/\",\"name\":\"Nos produits - OKM\",\"isPartOf\":{\"@id\":\"https:\/\/okm.es\/fr\/#website\"},\"primaryImageOfPage\":{\"@id\":\"https:\/\/okm.es\/fr\/nos-produits\/#primaryimage\"},\"image\":{\"@id\":\"https:\/\/okm.es\/fr\/nos-produits\/#primaryimage\"},\"thumbnailUrl\":\"https:\/\/okm.es\/wp-content\/uploads\/2023\/02\/bloques_okm.png\",\"datePublished\":\"2023-02-15T15:37:32+00:00\",\"dateModified\":\"2023-05-12T11:00:36+00:00\",\"description\":\"D\u00e9couvrez tous les produits et solutions orthop\u00e9diques que nous proposons chez OKM pour am\u00e9liorer l'autonomie des personnes.\",\"breadcrumb\":{\"@id\":\"https:\/\/okm.es\/fr\/nos-produits\/#breadcrumb\"},\"inLanguage\":\"fr-FR\",\"potentialAction\":[{\"@type\":\"ReadAction\",\"target\":[\"https:\/\/okm.es\/fr\/nos-produits\/\"]}]},{\"@type\":\"ImageObject\",\"inLanguage\":\"fr-FR\",\"@id\":\"https:\/\/okm.es\/fr\/nos-produits\/#primaryimage\",\"url\":\"https:\/\/okm.es\/wp-content\/uploads\/2023\/02\/bloques_okm.png\",\"contentUrl\":\"https:\/\/okm.es\/wp-content\/uploads\/2023\/02\/bloques_okm.png\"},{\"@type\":\"BreadcrumbList\",\"@id\":\"https:\/\/okm.es\/fr\/nos-produits\/#breadcrumb\",\"itemListElement\":[{\"@type\":\"ListItem\",\"position\":1,\"name\":\"Portada\",\"item\":\"https:\/\/okm.es\/fr\/accueil\/\"},{\"@type\":\"ListItem\",\"position\":2,\"name\":\"Nos produits\"}]},{\"@type\":\"WebSite\",\"@id\":\"https:\/\/okm.es\/fr\/#website\",\"url\":\"https:\/\/okm.es\/fr\/\",\"name\":\"OKM\",\"description\":\"\",\"publisher\":{\"@id\":\"https:\/\/okm.es\/fr\/#organization\"},\"potentialAction\":[{\"@type\":\"SearchAction\",\"target\":{\"@type\":\"EntryPoint\",\"urlTemplate\":\"https:\/\/okm.es\/fr\/?s={search_term_string}\"},\"query-input\":{\"@type\":\"PropertyValueSpecification\",\"valueRequired\":true,\"valueName\":\"search_term_string\"}}],\"inLanguage\":\"fr-FR\"},{\"@type\":\"Organization\",\"@id\":\"https:\/\/okm.es\/fr\/#organization\",\"name\":\"OKM\",\"url\":\"https:\/\/okm.es\/fr\/\",\"logo\":{\"@type\":\"ImageObject\",\"inLanguage\":\"fr-FR\",\"@id\":\"https:\/\/okm.es\/fr\/#\/schema\/logo\/image\/\",\"url\":\"https:\/\/okm.es\/wp-content\/uploads\/2023\/02\/Logo_negro_okm.svg\",\"contentUrl\":\"https:\/\/okm.es\/wp-content\/uploads\/2023\/02\/Logo_negro_okm.svg\",\"width\":110,\"height\":47,\"caption\":\"OKM\"},\"image\":{\"@id\":\"https:\/\/okm.es\/fr\/#\/schema\/logo\/image\/\"}}]}<\/script>\n<!-- \/ Yoast SEO plugin. -->","yoast_head_json":{"title":"Nos produits - OKM","description":"D\u00e9couvrez tous les produits et solutions orthop\u00e9diques que nous proposons chez OKM pour am\u00e9liorer l'autonomie des personnes.","robots":{"index":"index","follow":"follow","max-snippet":"max-snippet:-1","max-image-preview":"max-image-preview:large","max-video-preview":"max-video-preview:-1"},"canonical":"https:\/\/okm.es\/fr\/nos-produits\/","og_locale":"fr_FR","og_type":"article","og_title":"Nos produits - OKM","og_description":"D\u00e9couvrez tous les produits et solutions orthop\u00e9diques que nous proposons chez OKM pour am\u00e9liorer l'autonomie des personnes.","og_url":"https:\/\/okm.es\/fr\/nos-produits\/","og_site_name":"OKM","article_modified_time":"2023-05-12T11:00:36+00:00","og_image":[{"url":"https:\/\/okm.es\/wp-content\/uploads\/2023\/02\/bloques_okm.png","type":"","width":"","height":""}],"twitter_card":"summary_large_image","schema":{"@context":"https:\/\/schema.org","@graph":[{"@type":"WebPage","@id":"https:\/\/okm.es\/fr\/nos-produits\/","url":"https:\/\/okm.es\/fr\/nos-produits\/","name":"Nos produits - OKM","isPartOf":{"@id":"https:\/\/okm.es\/fr\/#website"},"primaryImageOfPage":{"@id":"https:\/\/okm.es\/fr\/nos-produits\/#primaryimage"},"image":{"@id":"https:\/\/okm.es\/fr\/nos-produits\/#primaryimage"},"thumbnailUrl":"https:\/\/okm.es\/wp-content\/uploads\/2023\/02\/bloques_okm.png","datePublished":"2023-02-15T15:37:32+00:00","dateModified":"2023-05-12T11:00:36+00:00","description":"D\u00e9couvrez tous les produits et solutions orthop\u00e9diques que nous proposons chez OKM pour am\u00e9liorer l'autonomie des personnes.","breadcrumb":{"@id":"https:\/\/okm.es\/fr\/nos-produits\/#breadcrumb"},"inLanguage":"fr-FR","potentialAction":[{"@type":"ReadAction","target":["https:\/\/okm.es\/fr\/nos-produits\/"]}]},{"@type":"ImageObject","inLanguage":"fr-FR","@id":"https:\/\/okm.es\/fr\/nos-produits\/#primaryimage","url":"https:\/\/okm.es\/wp-content\/uploads\/2023\/02\/bloques_okm.png","contentUrl":"https:\/\/okm.es\/wp-content\/uploads\/2023\/02\/bloques_okm.png"},{"@type":"BreadcrumbList","@id":"https:\/\/okm.es\/fr\/nos-produits\/#breadcrumb","itemListElement":[{"@type":"ListItem","position":1,"name":"Portada","item":"https:\/\/okm.es\/fr\/accueil\/"},{"@type":"ListItem","position":2,"name":"Nos produits"}]},{"@type":"WebSite","@id":"https:\/\/okm.es\/fr\/#website","url":"https:\/\/okm.es\/fr\/","name":"OKM","description":"","publisher":{"@id":"https:\/\/okm.es\/fr\/#organization"},"potentialAction":[{"@type":"SearchAction","target":{"@type":"EntryPoint","urlTemplate":"https:\/\/okm.es\/fr\/?s={search_term_string}"},"query-input":{"@type":"PropertyValueSpecification","valueRequired":true,"valueName":"search_term_string"}}],"inLanguage":"fr-FR"},{"@type":"Organization","@id":"https:\/\/okm.es\/fr\/#organization","name":"OKM","url":"https:\/\/okm.es\/fr\/","logo":{"@type":"ImageObject","inLanguage":"fr-FR","@id":"https:\/\/okm.es\/fr\/#\/schema\/logo\/image\/","url":"https:\/\/okm.es\/wp-content\/uploads\/2023\/02\/Logo_negro_okm.svg","contentUrl":"https:\/\/okm.es\/wp-content\/uploads\/2023\/02\/Logo_negro_okm.svg","width":110,"height":47,"caption":"OKM"},"image":{"@id":"https:\/\/okm.es\/fr\/#\/schema\/logo\/image\/"}}]}},"_links":{"self":[{"href":"https:\/\/okm.es\/fr\/wp-json\/wp\/v2\/pages\/1705","targetHints":{"allow":["GET"]}}],"collection":[{"href":"https:\/\/okm.es\/fr\/wp-json\/wp\/v2\/pages"}],"about":[{"href":"https:\/\/okm.es\/fr\/wp-json\/wp\/v2\/types\/page"}],"author":[{"embeddable":true,"href":"https:\/\/okm.es\/fr\/wp-json\/wp\/v2\/users\/1"}],"replies":[{"embeddable":true,"href":"https:\/\/okm.es\/fr\/wp-json\/wp\/v2\/comments?post=1705"}],"version-history":[{"count":0,"href":"https:\/\/okm.es\/fr\/wp-json\/wp\/v2\/pages\/1705\/revisions"}],"wp:attachment":[{"href":"https:\/\/okm.es\/fr\/wp-json\/wp\/v2\/media?parent=1705"}],"curies":[{"name":"wp","href":"https:\/\/api.w.org\/{rel}","templated":true}]}}